	
{"id":735,"date":"2013-12-20T14:49:22","date_gmt":"2013-12-20T13:49:22","guid":{"rendered":"http:\/\/www.mediaverkstaden.org\/?page_id=735"},"modified":"2018-06-21T13:59:34","modified_gmt":"2018-06-21T11:59:34","slug":"multipelproduktion","status":"publish","type":"page","link":"https:\/\/www.mediaverkstaden.org\/en-US\/multipelproduktion\/","title":{"rendered":"Multipelkurs 2017"},"content":{"rendered":"<p>Utbildningen syftar till att konstn\u00e4rerna ska \u00f6ka f\u00f6rs\u00e4ljningsgraden av konst genom att via ny teknik finna nya v\u00e4gar till en ut\u00f6kad marknad med nya k\u00f6pare och kunder.<br \/>\nInneh\u00e5ll:<br \/>\nTeoretisk del med f\u00f6rel\u00e4sningar om konst och multipel som aff\u00e4rsid\u00e9, marknadsanalys, priss\u00e4ttning, ekonomi, juridik och marknadsf\u00f6ring.<br \/>\nTeknisk\/praktisk del med produktionsst\u00f6d f\u00f6r audiovisuella uttryck, 2D storbildsutskrift p\u00e5 papper, fotokopia eller canvas och 3D utskrift med test upplaga i plast eller kompositplast och med stor vikt p\u00e5 konceptet multipel objekt.<\/p>\n<p>Huvudl\u00e4rare: Lisa Str\u00f6mbeck med g\u00e4stande l\u00e4rare och g\u00e4stf\u00f6rel\u00e4sare: Niels Bonde, Esther Ericsson, Jesper Fabricius, Gunnar S\u00f6der, David Krantz, Bengt Adlers, Kristina Matousch, Loella M\u00e5rtensson, Paul Nilsson m fl.<\/p>\n<p>Ans\u00f6kan: Ny sista ans\u00f6kningsdag: 4:e oktober. <\/p>\n<p>Ans\u00f6kan ska inneh\u00e5lla din CV, en motivering varf\u00f6r du vill g\u00e5 kursen samt max 5 bilder p\u00e5 utf\u00f6rda verk som eventuellt kan utvecklas till multipelobjekt.<\/p>\n<p>Krav: Kursen v\u00e4nder sig enbart till konstn\u00e4rer inskrivna p\u00e5 Af Kultur Media.<\/p>\n<p>Ans\u00f6kan skickas till:<br \/>\nsyd-kultur@arbetsformedlingen.se eller till Af Kultur Media Syd, Box 6020, 200 11 Malm\u00f6<br \/>\nF\u00f6r mer information kontakta: Pia Hammargren-Kjerstr\u00f6m 010-486 3903,<br \/>\nE-post: pia.hammargren-kjerstrom@arbetsformedlingen.se eller<br \/>\nDan Hellstr\u00f6m 010-488 0746, E-post: dan.hellstrom@arbetsformedlingen.se<br \/>\nH\u00e4r hittar man <a href=\"http:\/\/teamup.com\/ks83814b7e7cd63230\/\">kursens schema<\/a>.<\/p>\n<p><img loading=\"lazy\" decoding=\"async\" src=\"http:\/\/www.mediaverkstaden.org\/wp-content\/uploads\/2013\/12\/extended-multipel-278x400.jpg\" alt=\"\" width=\"278\" height=\"400\" class=\"alignnone size-large wp-image-1365\" srcset=\"https:\/\/www.mediaverkstaden.org\/wp-content\/uploads\/2013\/12\/extended-multipel-278x400.jpg 278w, https:\/\/www.mediaverkstaden.org\/wp-content\/uploads\/2013\/12\/extended-multipel-208x300.jpg 208w\" sizes=\"auto, (max-width: 278px) 100vw, 278px\" \/><\/p>\n","protected":false},"excerpt":{"rendered":"<p>Utbildningen syftar till att konstn\u00e4rerna ska \u00f6ka f\u00f6rs\u00e4ljningsgraden av konst genom att via ny teknik finna nya v\u00e4gar till en ut\u00f6kad marknad med nya k\u00f6pare och kunder. Inneh\u00e5ll: Teoretisk del med f\u00f6rel\u00e4sningar om konst och multipel som aff\u00e4rsid\u00e9, marknadsanalys, priss\u00e4ttning, ekonomi, juridik och marknadsf\u00f6ring. Teknisk\/praktisk del med produktionsst\u00f6d f\u00f6r audiovisuella uttryck, 2D storbildsutskrift p\u00e5 papper, [&hellip;]<\/p>\n","protected":false},"author":5,"featured_media":1365,"parent":0,"menu_order":0,"comment_status":"closed","ping_status":"closed","template":"","meta":{"_locale":"en_US","_original_post":"735","footnotes":""},"class_list":["post-735","page","type-page","status-publish","has-post-thumbnail","hentry","en-US"],"_links":{"self":[{"href":"https:\/\/www.mediaverkstaden.org\/wp-json\/wp\/v2\/pages\/735","targetHints":{"allow":["GET"]}}],"collection":[{"href":"https:\/\/www.mediaverkstaden.org\/wp-json\/wp\/v2\/pages"}],"about":[{"href":"https:\/\/www.mediaverkstaden.org\/wp-json\/wp\/v2\/types\/page"}],"author":[{"embeddable":true,"href":"https:\/\/www.mediaverkstaden.org\/wp-json\/wp\/v2\/users\/5"}],"replies":[{"embeddable":true,"href":"https:\/\/www.mediaverkstaden.org\/wp-json\/wp\/v2\/comments?post=735"}],"version-history":[{"count":31,"href":"https:\/\/www.mediaverkstaden.org\/wp-json\/wp\/v2\/pages\/735\/revisions"}],"predecessor-version":[{"id":1366,"href":"https:\/\/www.mediaverkstaden.org\/wp-json\/wp\/v2\/pages\/735\/revisions\/1366"}],"wp:featuredmedia":[{"embeddable":true,"href":"https:\/\/www.mediaverkstaden.org\/wp-json\/wp\/v2\/media\/1365"}],"wp:attachment":[{"href":"https:\/\/www.mediaverkstaden.org\/wp-json\/wp\/v2\/media?parent=735"}],"curies":[{"name":"wp","href":"https:\/\/api.w.org\/{rel}","templated":true}]}}